{"id":5675018,"date":"2023-03-20T09:15:27","date_gmt":"2023-03-20T12:15:27","guid":{"rendered":"https:\/\/www.bpriletisim.com\/?page_id=5675018"},"modified":"2023-04-03T06:53:57","modified_gmt":"2023-04-03T09:53:57","slug":"hizmetlerimiz","status":"publish","type":"page","link":"https:\/\/www.bpriletisim.com\/?page_id=5675018","title":{"rendered":"Hizmetlerimiz"},"content":{"rendered":"<section class=\"wpb-content-wrapper\">[vc_row][vc_column][vc_empty_space][\/vc_column][\/vc_row][vc_row][vc_column width=&#8221;1\/3&#8243;]<div class=\"norebro-icon-box-sc icon-box text-center\" \n\tid=\"norebro-custom-69e1c5a0c3351\" \n\t \n\t>\n\n\t<div class=\"icon-wrap\">\n\t\t\t\t\t<span class=\"fa fab fa-street-view\"><\/span>\n\t\t\t<\/div>\n\n\t<div class=\"content-wrap\">\n\n\t\t<div class=\"content-center with-full\">\n\t\t\t<div class=\"wrap\">\n\t\t\t\t<h3>\u0130tibar Y\u00f6netimi<\/h3>\n\t\t\t\t\t\t\t<\/div>\n\t\t<\/div>\n\t\t\n\t\t\t<\/div>\n\t\t\n\t\t<p class=\"description content-full\">\n\t\t\tBir \u015firketi topluma tan\u0131tman\u0131n en \u00f6nemli ara\u00e7lar\u0131ndan biri olan itibar y\u00f6netimi, bir \u015firketin sekt\u00f6rde imaj kazanmas\u0131na ve stat\u00fcs\u00fcn\u00fc etkileyebilecek olumsuz fakt\u00f6rlerden ka\u00e7\u0131nmas\u0131na yard\u0131mc\u0131 olmay\u0131 i\u00e7erir.\t\t<\/p>\n\n\t\t\n\t\t\n<\/div>[\/vc_column][vc_column width=&#8221;1\/3&#8243;]<div class=\"norebro-icon-box-sc icon-box text-center\" \n\tid=\"norebro-custom-69e1c5a0c349d\" \n\t \n\t>\n\n\t<div class=\"icon-wrap\">\n\t\t\t\t\t<span class=\"fa fab fa-certificate\"><\/span>\n\t\t\t<\/div>\n\n\t<div class=\"content-wrap\">\n\n\t\t<div class=\"content-center with-full\">\n\t\t\t<div class=\"wrap\">\n\t\t\t\t<h3>Marka Y\u00f6netimi<\/h3>\n\t\t\t\t\t\t\t<\/div>\n\t\t<\/div>\n\t\t\n\t\t\t<\/div>\n\t\t\n\t\t<p class=\"description content-full\">\n\t\t\tAmac\u0131, markala\u015fma s\u00fcrecinde olan veya halihaz\u0131rda markala\u015fm\u0131\u015f olan \u015firketlerin bu konumlar\u0131n\u0131 daha etkin hale getirmelerini ve k\u00fcresel \u00f6l\u00e7ekte faaliyet g\u00f6stermelerini sa\u011flamakt\u0131r.\t\t<\/p>\n\n\t\t\n\t\t\n<\/div>[\/vc_column][vc_column width=&#8221;1\/3&#8243;]<div class=\"norebro-icon-box-sc icon-box text-center\" \n\tid=\"norebro-custom-69e1c5a0c3543\" \n\t \n\t>\n\n\t<div class=\"icon-wrap\">\n\t\t\t\t\t<span class=\"fa fab fa-poll\"><\/span>\n\t\t\t<\/div>\n\n\t<div class=\"content-wrap\">\n\n\t\t<div class=\"content-center with-full\">\n\t\t\t<div class=\"wrap\">\n\t\t\t\t<h3>Pazarlama \u0130leti\u015fimi<\/h3>\n\t\t\t\t\t\t\t<\/div>\n\t\t<\/div>\n\t\t\n\t\t\t<\/div>\n\t\t\n\t\t<p class=\"description content-full\">\n\t\t\tT\u00fcketicilerin g\u00f6z\u00fcnde sunulan hizmet veya \u00fcr\u00fcnlerin kalitesini art\u0131rmay\u0131 ama\u00e7layan bir ileti\u015fim \u015feklidir. Ayr\u0131ca, pazarlamac\u0131lar ve al\u0131c\u0131lar aras\u0131ndaki ba\u011flant\u0131n\u0131n g\u00fc\u00e7l\u00fc ve verimli olmas\u0131n\u0131 sa\u011flar.\t\t<\/p>\n\n\t\t\n\t\t\n<\/div>[\/vc_column][\/vc_row][vc_row][vc_column][vc_empty_space][\/vc_column][\/vc_row][vc_row][vc_column width=&#8221;1\/3&#8243;]<div class=\"norebro-icon-box-sc icon-box text-center\" \n\tid=\"norebro-custom-69e1c5a0c35cf\" \n\t \n\t>\n\n\t<div class=\"icon-wrap\">\n\t\t\t\t\t<span class=\"fa fab fa-bullhorn\"><\/span>\n\t\t\t<\/div>\n\n\t<div class=\"content-wrap\">\n\n\t\t<div class=\"content-center with-full\">\n\t\t\t<div class=\"wrap\">\n\t\t\t\t<h3>Medya \u0130leti\u015fimi<\/h3>\n\t\t\t\t\t\t\t<\/div>\n\t\t<\/div>\n\t\t\n\t\t\t<\/div>\n\t\t\n\t\t<p class=\"description content-full\">\n\t\t\t\u015eirket kurulu\u015f ve \u015firket faaliyetlerinde uygulanabilecek y\u00f6ntemlerin medya arac\u0131l\u0131\u011f\u0131yla hedef ki\u015fi ve kurumlara yayg\u0131nla\u015ft\u0131r\u0131lmas\u0131.\t\t<\/p>\n\n\t\t\n\t\t\n<\/div>[\/vc_column][vc_column width=&#8221;1\/3&#8243;]<div class=\"norebro-icon-box-sc icon-box text-center\" \n\tid=\"norebro-custom-69e1c5a0c364f\" \n\t \n\t>\n\n\t<div class=\"icon-wrap\">\n\t\t\t\t\t<span class=\"fa fab fa-chess-queen\"><\/span>\n\t\t\t<\/div>\n\n\t<div class=\"content-wrap\">\n\n\t\t<div class=\"content-center with-full\">\n\t\t\t<div class=\"wrap\">\n\t\t\t\t<h3>Lider \u0130leti\u015fimi<\/h3>\n\t\t\t\t\t\t\t<\/div>\n\t\t<\/div>\n\t\t\n\t\t\t<\/div>\n\t\t\n\t\t<p class=\"description content-full\">\n\t\t\tY\u00f6netici \u00fcnvan\u0131na sahip bir ki\u015finin veya b\u00f6l\u00fcm\u00fcn \u00f6rnek olaylar y\u00fcr\u00fctmesini ve sunumlar yapmas\u0131n\u0131 sa\u011flayan ileti\u015fim birimi.\t\t<\/p>\n\n\t\t\n\t\t\n<\/div>[\/vc_column][vc_column width=&#8221;1\/3&#8243;]<div class=\"norebro-icon-box-sc icon-box text-center\" \n\tid=\"norebro-custom-69e1c5a0c36cf\" \n\t \n\t>\n\n\t<div class=\"icon-wrap\">\n\t\t\t\t\t<span class=\"fa fab fa-leaf\"><\/span>\n\t\t\t<\/div>\n\n\t<div class=\"content-wrap\">\n\n\t\t<div class=\"content-center with-full\">\n\t\t\t<div class=\"wrap\">\n\t\t\t\t<h3>Kurumsal Sosyal Sorumluluk<\/h3>\n\t\t\t\t\t\t\t<\/div>\n\t\t<\/div>\n\t\t\n\t\t\t<\/div>\n\t\t\n\t\t<p class=\"description content-full\">\n\t\t\t\u0130nsanl\u0131k ve sosyal sorumlulu\u011fun gere\u011fi olarak kurum ve kurulu\u015flar\u0131n belirli konulardaki tutumlar\u0131 ve incelikli tav\u0131rlar\u0131d\u0131r. Sorumluluklar kurum genelinde uzan\u0131r ve pazarl\u0131k konusu olmayan konular\u0131 i\u00e7erir.\t\t<\/p>\n\n\t\t\n\t\t\n<\/div>[\/vc_column][\/vc_row][vc_row][vc_column][vc_empty_space][\/vc_column][\/vc_row][vc_row][vc_column width=&#8221;1\/3&#8243;]<div class=\"norebro-icon-box-sc icon-box text-center\" \n\tid=\"norebro-custom-69e1c5a0c374a\" \n\t \n\t>\n\n\t<div class=\"icon-wrap\">\n\t\t\t\t\t<span class=\"fa fab fa-bell\"><\/span>\n\t\t\t<\/div>\n\n\t<div class=\"content-wrap\">\n\n\t\t<div class=\"content-center with-full\">\n\t\t\t<div class=\"wrap\">\n\t\t\t\t<h3>Kriz \u0130leti\u015fimi<\/h3>\n\t\t\t\t\t\t\t<\/div>\n\t\t<\/div>\n\t\t\n\t\t\t<\/div>\n\t\t\n\t\t<p class=\"description content-full\">\n\t\t\tOlas\u0131 bir krizde \u015firketin maksimum d\u00fczeyde korunmas\u0131n\u0131 sa\u011flamak ve krizin sonu\u00e7lar\u0131ndan m\u00fcmk\u00fcn oldu\u011funca ka\u00e7\u0131nmak i\u00e7in al\u0131nan bir dizi \u00f6nlemdir. Ayn\u0131 zamanda, krizden m\u00fcmk\u00fcn olan en k\u0131sa s\u00fcrede ve minimum etkiyle \u00e7\u0131kmak i\u00e7in ileti\u015fimdir.\t\t<\/p>\n\n\t\t\n\t\t\n<\/div>[\/vc_column][vc_column width=&#8221;1\/3&#8243;]<div class=\"norebro-icon-box-sc icon-box text-center\" \n\tid=\"norebro-custom-69e1c5a0c37ad\" \n\t \n\t>\n\n\t<div class=\"icon-wrap\">\n\t\t\t\t\t<span class=\"fa fab fa-comments\"><\/span>\n\t\t\t<\/div>\n\n\t<div class=\"content-wrap\">\n\n\t\t<div class=\"content-center with-full\">\n\t\t\t<div class=\"wrap\">\n\t\t\t\t<h3>Kurum \u0130\u00e7i \u0130leti\u015fim<\/h3>\n\t\t\t\t\t\t\t<\/div>\n\t\t<\/div>\n\t\t\n\t\t\t<\/div>\n\t\t\n\t\t<p class=\"description content-full\">\n\t\t\t\u015eirketin genel olarak y\u00fckselebilmesi ve farkl\u0131 alanlarda yetkin bir \u015fekilde faaliyet g\u00f6sterebilmesi i\u00e7in i\u00e7 ileti\u015fimin sa\u011flam ve y\u00fcksek verimli olmas\u0131 gerekir.\t\t<\/p>\n\n\t\t\n\t\t\n<\/div>[\/vc_column][vc_column width=&#8221;1\/3&#8243;]<div class=\"norebro-icon-box-sc icon-box text-center\" \n\tid=\"norebro-custom-69e1c5a0c3825\" \n\t \n\t>\n\n\t<div class=\"icon-wrap\">\n\t\t\t\t\t<span class=\"fa fab fa-handshake\"><\/span>\n\t\t\t<\/div>\n\n\t<div class=\"content-wrap\">\n\n\t\t<div class=\"content-center with-full\">\n\t\t\t<div class=\"wrap\">\n\t\t\t\t<h3>Sponsorluk \u0130leti\u015fimi<\/h3>\n\t\t\t\t\t\t\t<\/div>\n\t\t<\/div>\n\t\t\n\t\t\t<\/div>\n\t\t\n\t\t<p class=\"description content-full\">\n\t\t\t\u0130\u015f ortakl\u0131klar\u0131n\u0131n ve i\u015f ba\u011flant\u0131lar\u0131n\u0131n g\u00fc\u00e7lendirilmesi; topluma ve hedef kitleye y\u00fcksek katma de\u011fer sa\u011flamak i\u00e7in y\u00fcr\u00fct\u00fclen ileti\u015fim t\u00fcr\u00fcd\u00fcr.\t\t<\/p>\n\n\t\t\n\t\t\n<\/div>[\/vc_column][\/vc_row][vc_row][vc_column][vc_empty_space][\/vc_column][\/vc_row]\n<\/section>","protected":false},"excerpt":{"rendered":"<p>[vc_row][vc_column][vc_empty_space][\/vc_column][\/vc_row][vc_row][vc_column width=&#8221;1\/3&#8243;][\/vc_column][vc_column width=&#8221;1\/3&#8243;][\/vc_column][vc_column width=&#8221;1\/3&#8243;][\/vc_column][\/vc_row][vc_row][vc_column][vc_empty_space][\/vc_column][\/vc_row][vc_row][vc_column width=&#8221;1\/3&#8243;][\/vc_column][vc_column width=&#8221;1\/3&#8243;][\/vc_column][vc_column width=&#8221;1\/3&#8243;][\/vc_column][\/vc_row][vc_row][vc_column][vc_empty_space][\/vc_column][\/vc_row][vc_row][vc_column width=&#8221;1\/3&#8243;][\/vc_column][vc_column width=&#8221;1\/3&#8243;][\/vc_column][vc_column width=&#8221;1\/3&#8243;][\/vc_column][\/vc_row][vc_row][vc_column][vc_empty_space][\/vc_column][\/vc_row]<\/p>\n","protected":false},"author":1,"featured_media":0,"parent":0,"menu_order":0,"comment_status":"closed","ping_status":"closed","template":"","meta":{"footnotes":""},"class_list":["post-5675018","page","type-page","status-publish","hentry"],"acf":[],"_links":{"self":[{"href":"https:\/\/www.bpriletisim.com\/index.php?rest_route=\/wp\/v2\/pages\/5675018"}],"collection":[{"href":"https:\/\/www.bpriletisim.com\/index.php?rest_route=\/wp\/v2\/pages"}],"about":[{"href":"https:\/\/www.bpriletisim.com\/index.php?rest_route=\/wp\/v2\/types\/page"}],"author":[{"embeddable":true,"href":"https:\/\/www.bpriletisim.com\/index.php?rest_route=\/wp\/v2\/users\/1"}],"replies":[{"embeddable":true,"href":"https:\/\/www.bpriletisim.com\/index.php?rest_route=%2Fwp%2Fv2%2Fcomments&post=5675018"}],"version-history":[{"count":1,"href":"https:\/\/www.bpriletisim.com\/index.php?rest_route=\/wp\/v2\/pages\/5675018\/revisions"}],"predecessor-version":[{"id":5675508,"href":"https:\/\/www.bpriletisim.com\/index.php?rest_route=\/wp\/v2\/pages\/5675018\/revisions\/5675508"}],"wp:attachment":[{"href":"https:\/\/www.bpriletisim.com\/index.php?rest_route=%2Fwp%2Fv2%2Fmedia&parent=5675018"}],"curies":[{"name":"wp","href":"https:\/\/api.w.org\/{rel}","templated":true}]}}