{"id":5648020,"date":"2017-10-13T13:38:34","date_gmt":"2017-10-13T16:38:34","guid":{"rendered":"https:\/\/norebro.clbthemes.com\/demo4\/?page_id=2137"},"modified":"2023-04-03T06:06:55","modified_gmt":"2023-04-03T09:06:55","slug":"hakkimizda","status":"publish","type":"page","link":"https:\/\/www.bpriletisim.com\/?page_id=5648020","title":{"rendered":"Hakk\u0131m\u0131zda"},"content":{"rendered":"<section class=\"wpb-content-wrapper\">[vc_row][vc_column][vc_empty_space height=&#8221;60px&#8221;][\/vc_column][\/vc_row][vc_row][vc_column][vc_row_inner][vc_column_inner width=&#8221;1\/2&#8243;][vc_empty_space][vc_single_image image=&#8221;5674119&#8243; img_size=&#8221;full&#8221; alignment=&#8221;center&#8221; style=&#8221;vc_box_circle_2&#8243; onclick=&#8221;zoom&#8221; css_animation=&#8221;fadeInLeft&#8221;][\/vc_column_inner][vc_column_inner width=&#8221;1\/2&#8243;]<div class=\"norebro-text-sc \" \n\tid=\"norebro-custom-69e1c59b1a181\" \n\t data-aos=\"fade-left\" \n\t>\n\n\t<div id=\"tm-heading-62e8ff8e2188d\" class=\"tm-heading left tm-animation move-up animate\">\n<p class=\"heading\">BPR \u0130leti\u015fim, Beymen\u2019in uzun y\u0131llar Reklam ve Halkla \u0130li\u015fkiler M\u00fcd\u00fcrl\u00fc\u011f\u00fc g\u00f6revini y\u00fcr\u00fcten Banu Birkan taraf\u0131ndan 1997 y\u0131l\u0131nda kuruldu.<\/p>\n<\/div>\n<div id=\"tm-spacer-62e8ff8e21d3e\" class=\"tm-spacer\"><\/div>\n<div id=\"tm-heading-62e8ff8e21f4c\" class=\"tm-heading left tm-animation move-up animate\">\n<p class=\"heading\">Kurulu\u015fundan bug\u00fcne kadar, ulusal ve uluslararas\u0131 firmalara ileti\u015fimin her alan\u0131ndan hizmet verdi. Alanlar\u0131nda deneyimli ve profesyonel ekibi ile kurumsal ileti\u015fim, medya ileti\u015fimi, etkinlik y\u00f6netimi ve marka ileti\u015fimi konusunda tam hizmet anlay\u0131\u015f\u0131n\u0131 benimseyen BPR \u0130leti\u015fim, y\u00fcr\u00fctt\u00fc\u011f\u00fc ba\u015far\u0131l\u0131 \u00e7al\u0131\u015fmalar\u0131yla \u00f6d\u00fcller almaya hak kazand\u0131.<\/p>\n<\/div>\n<div id=\"tm-spacer-62e8ff8e2238d\" class=\"tm-spacer\"><\/div>\n<div id=\"tm-heading-62e8ff8e2259f\" class=\"tm-heading left tm-animation move-up animate\">\n<p class=\"heading\">2004 y\u0131l\u0131nda, Be\u015fikta\u015f Jimnastik Kul\u00fcb\u00fc\u2019n\u00fcn 100. Y\u0131l Kutlama Etkinlikleri \u00e7er\u00e7evesinde, bir y\u0131l boyunca ger\u00e7ekle\u015ftirilen organizasyonlar ve y\u00fcr\u00fct\u00fclen ba\u015far\u0131l\u0131 ileti\u015fim \u00e7al\u0131\u015fmalar\u0131 sonucunda, T\u00fcrkiye Halkla \u0130li\u015fkiler Derne\u011fi taraf\u0131ndan \u201c4. Alt\u0131n Pusula Halkla \u0130li\u015fkiler \u00d6d\u00fclleri J\u00fcri \u00d6zel \u00d6d\u00fcl\u00fc\u201dn\u00fc almaya hak kazand\u0131.<\/p>\n<\/div>\n<div id=\"tm-heading-62e8ff8e22bcf\" class=\"tm-heading left tm-animation move-up animate\">\n<p class=\"heading\"><strong>2006 y\u0131l\u0131nda, Business News dergisi taraf\u0131ndan verilen \u201cY\u0131l\u0131n En Ba\u015far\u0131l\u0131 PR Ajans\u0131\u201d ajans\u0131 \u00f6d\u00fcl\u00fcne lay\u0131k g\u00f6r\u00fcld\u00fc.<\/strong><\/p>\n<\/div>\n<div id=\"tm-heading-62e8ff8e2332d\" class=\"tm-heading left tm-animation move-up animate\">\n<p class=\"heading\">BPR \u0130leti\u015fim, uzun y\u0131llara dayanan deneyimim ve profesyonel hizmet anlay\u0131\u015f\u0131 ile ulusal ve uluslararas\u0131 m\u00fc\u015fterilerine ileti\u015fim, etkinlik ve kreatif \u00e7\u00f6z\u00fcmler alan\u0131nda hizmet vermeye devam ediyor.<\/p>\n<\/div>\n\t\n<\/div>[\/vc_column_inner][\/vc_row_inner][\/vc_column][\/vc_row][vc_row][vc_column][vc_empty_space height=&#8221;100px&#8221; el_class=&#8221;norebro-phone-space&#8221;][\/vc_column][\/vc_row]\n<\/section>","protected":false},"excerpt":{"rendered":"<p>[vc_row][vc_column][vc_empty_space height=&#8221;60px&#8221;][\/vc_column][\/vc_row][vc_row][vc_column][vc_row_inner][vc_column_inner width=&#8221;1\/2&#8243;][vc_empty_space][vc_single_image image=&#8221;5674119&#8243; img_size=&#8221;full&#8221; alignment=&#8221;center&#8221; style=&#8221;vc_box_circle_2&#8243; onclick=&#8221;zoom&#8221; css_animation=&#8221;fadeInLeft&#8221;][\/vc_column_inner][vc_column_inner width=&#8221;1\/2&#8243;][\/vc_column_inner][\/vc_row_inner][\/vc_column][\/vc_row][vc_row][vc_column][vc_empty_space height=&#8221;100px&#8221; el_class=&#8221;norebro-phone-space&#8221;][\/vc_column][\/vc_row]<\/p>\n","protected":false},"author":1,"featured_media":0,"parent":0,"menu_order":0,"comment_status":"closed","ping_status":"closed","template":"","meta":{"footnotes":""},"class_list":["post-5648020","page","type-page","status-publish","hentry"],"acf":[],"_links":{"self":[{"href":"https:\/\/www.bpriletisim.com\/index.php?rest_route=\/wp\/v2\/pages\/5648020"}],"collection":[{"href":"https:\/\/www.bpriletisim.com\/index.php?rest_route=\/wp\/v2\/pages"}],"about":[{"href":"https:\/\/www.bpriletisim.com\/index.php?rest_route=\/wp\/v2\/types\/page"}],"author":[{"embeddable":true,"href":"https:\/\/www.bpriletisim.com\/index.php?rest_route=\/wp\/v2\/users\/1"}],"replies":[{"embeddable":true,"href":"https:\/\/www.bpriletisim.com\/index.php?rest_route=%2Fwp%2Fv2%2Fcomments&post=5648020"}],"version-history":[{"count":1,"href":"https:\/\/www.bpriletisim.com\/index.php?rest_route=\/wp\/v2\/pages\/5648020\/revisions"}],"predecessor-version":[{"id":5675485,"href":"https:\/\/www.bpriletisim.com\/index.php?rest_route=\/wp\/v2\/pages\/5648020\/revisions\/5675485"}],"wp:attachment":[{"href":"https:\/\/www.bpriletisim.com\/index.php?rest_route=%2Fwp%2Fv2%2Fmedia&parent=5648020"}],"curies":[{"name":"wp","href":"https:\/\/api.w.org\/{rel}","templated":true}]}}