{"id":5648019,"date":"2017-10-13T13:29:38","date_gmt":"2017-10-13T13:29:38","guid":{"rendered":"https:\/\/norebro.clbthemes.com\/demo4\/?page_id=2130"},"modified":"2024-01-09T03:38:14","modified_gmt":"2024-01-09T06:38:14","slug":"iletisim","status":"publish","type":"page","link":"https:\/\/www.bpriletisim.com\/?page_id=5648019","title":{"rendered":"\u0130leti\u015fim"},"content":{"rendered":"<section class=\"wpb-content-wrapper\">[vc_row full_width=&#8221;stretch_row&#8221; equal_height=&#8221;yes&#8221;][vc_column][vc_empty_space height=&#8221;100px&#8221; el_class=&#8221;norebro-phone-space&#8221;]<div class=\"norebro-heading-sc heading text-left\"\n\tid=\"norebro-custom-69e1c59179c8d\" \n\t \n\t>\n\t\n\t\t\t<p class=\"subtitle\">\n\t\t\t\t\t<\/p>\n\t\n\t\n\t<h3 class=\"title subtitle-top\">\n\t\t\u0130leti\u015fim Bilgilerimiz\t<\/h3>\n\n\t\n\t\t\n<\/div>[vc_empty_space height=&#8221;15px&#8221;][vc_row_inner equal_height=&#8221;yes&#8221; content_placement=&#8221;middle&#8221;][vc_column_inner width=&#8221;1\/2&#8243; css=&#8221;.vc_custom_1503408191367{padding-top: 0px !important;}&#8221;]<div class=\"norebro-icon-box-sc icon-box text-left\" \n\tid=\"norebro-custom-69e1c59179dc6\" \n\t \n\t>\n\n\t<div class=\"icon-wrap\">\n\t\t\t<\/div>\n\n\t<div class=\"content-wrap\">\n\n\t\t<div class=\"content-center with-full\">\n\t\t\t<div class=\"wrap\">\n\t\t\t\t<h3>Genel Merkez<\/h3>\n\t\t\t\t\t\t\t<\/div>\n\t\t<\/div>\n\t\t\n\t\t\t<\/div>\n\t\t\n\t\t<p class=\"description content-full\">\n\t\t\tEsentepe Mahallesi \u0130zzettin \u00c7al\u0131\u015flar sok 46.<br \/>\nBlok No 1 \u0130\u00e7 Kap\u0131 No 1<br \/>\n\u015ei\u015fli\/\u0130stanbul<br \/>\n+90 (212) 288 71 42<br \/>\n+90 (212) 288 71 43<br \/>\nbpr@www.bpriletisim.com\t\t<\/p>\n\n\t\t\n\t\t\n<\/div>[\/vc_column_inner][vc_column_inner width=&#8221;1\/2&#8243;]<div class=\"norebro-icon-box-sc icon-box text-left\" \n\tid=\"norebro-custom-69e1c59179eda\" \n\t \n\t>\n\n\t<div class=\"icon-wrap\">\n\t\t\t<\/div>\n\n\t<div class=\"content-wrap\">\n\n\t\t<div class=\"content-center with-full\">\n\t\t\t<div class=\"wrap\">\n\t\t\t\t<h3>BPR Guest House Ni\u015fanta\u015f\u0131<\/h3>\n\t\t\t\t\t\t\t<\/div>\n\t\t<\/div>\n\t\t\n\t\t\t<\/div>\n\t\t\n\t\t<p class=\"description content-full\">\n\t\t\tNi\u015fanta\u015f\u0131 Vali Kona\u011f\u0131 Cad. No:6 Harbiye 34360<br \/>\n\u0130stanbul \/ T\u00fcrkiye<br \/>\n+90 (212) 288 71 42<br \/>\n+90 (212) 288 71 43<br \/>\nbpr@www.bpriletisim.com\t\t<\/p>\n\n\t\t\n\t\t\n<\/div>[\/vc_column_inner][\/vc_row_inner][vc_empty_space height=&#8221;100px&#8221; el_class=&#8221;norebro-phone-space&#8221;][\/vc_column][\/vc_row][vc_row full_width=&#8221;stretch_row&#8221; equal_height=&#8221;yes&#8221; css=&#8221;.vc_custom_1505976705630{background-color: #f8f8f8 !important;}&#8221;][vc_column width=&#8221;1\/2&#8243;][vc_empty_space height=&#8221;100px&#8221; el_class=&#8221;norebro-phone-space&#8221;]<div class=\"norebro-heading-sc heading text-left\"\n\tid=\"norebro-custom-69e1c59179f99\" \n\t \n\t>\n\t\n\t\n\t\n\t<h3 class=\"title\">\n\t\tBize Dan\u0131\u015f\u0131n<br\/>\t<\/h3>\n\n\t\n\t\t\t<p class=\"subtitle\">\n\t\t\tA\u015fa\u011f\u0131daki formdan bizlere ula\u015fabilirsiniz.\t\t<\/p>\n\t\t\n<\/div>[vc_empty_space height=&#8221;15px&#8221;]<div class=\"norebro-contact-from-sc contact-form  text-left\"\n\tid=\"norebro-custom-69e1c5917a00c\" \n\t \n\t>\n\n\t\n<div class=\"wpcf7 no-js\" id=\"wpcf7-f11-o1\" lang=\"\" dir=\"ltr\" data-wpcf7-id=\"11\">\n<div class=\"screen-reader-response\"><p role=\"status\" aria-live=\"polite\" aria-atomic=\"true\"><\/p> <ul><\/ul><\/div>\n<form action=\"\/index.php?rest_route=%2Fwp%2Fv2%2Fpages%2F5648019#wpcf7-f11-o1\" method=\"post\" class=\"wpcf7-form init 0712ecd45b74 cmatic-disconn cmatic-aud-0 cmatic-mapd0-0 cmatic-v097802 cmatic-sent-0 cmatic-total-0\" aria-label=\"\u0130leti\u015fim Formu\" novalidate=\"novalidate\" data-status=\"init\">\n<div style=\"display: none;\">\n<input type=\"hidden\" name=\"_wpcf7\" value=\"11\" \/>\n<input type=\"hidden\" name=\"_wpcf7_version\" value=\"6.0.6\" \/>\n<input type=\"hidden\" name=\"_wpcf7_locale\" value=\"\" \/>\n<input type=\"hidden\" name=\"_wpcf7_unit_tag\" value=\"wpcf7-f11-o1\" \/>\n<input type=\"hidden\" name=\"_wpcf7_container_post\" value=\"0\" \/>\n<input type=\"hidden\" name=\"_wpcf7_posted_data_hash\" value=\"\" \/>\n<\/div>\n<p><label> Ad-Soyad<br \/>\n<span class=\"wpcf7-form-control-wrap\" data-name=\"your-name\"><input size=\"40\" maxlength=\"400\" class=\"wpcf7-form-control wpcf7-text wpcf7-validates-as-required\" autocomplete=\"name\" aria-required=\"true\" aria-invalid=\"false\" value=\"\" type=\"text\" name=\"your-name\" \/><\/span> <\/label>\n<\/p>\n<p><label> Email Adresiniz<br \/>\n<span class=\"wpcf7-form-control-wrap\" data-name=\"your-email\"><input size=\"40\" maxlength=\"400\" class=\"wpcf7-form-control wpcf7-email wpcf7-validates-as-required wpcf7-text wpcf7-validates-as-email\" autocomplete=\"email\" aria-required=\"true\" aria-invalid=\"false\" value=\"\" type=\"email\" name=\"your-email\" \/><\/span> <\/label>\n<\/p>\n<p><label> Konu<br \/>\n<span class=\"wpcf7-form-control-wrap\" data-name=\"your-subject\"><input size=\"40\" maxlength=\"400\" class=\"wpcf7-form-control wpcf7-text wpcf7-validates-as-required\" aria-required=\"true\" aria-invalid=\"false\" value=\"\" type=\"text\" name=\"your-subject\" \/><\/span> <\/label>\n<\/p>\n<p><label>Mesaj\u0131n\u0131z (Opsiyonel)<br \/>\n<span class=\"wpcf7-form-control-wrap\" data-name=\"your-message\"><textarea cols=\"40\" rows=\"10\" maxlength=\"2000\" class=\"wpcf7-form-control wpcf7-textarea\" aria-invalid=\"false\" name=\"your-message\"><\/textarea><\/span> <\/label>\n<\/p>\n<p><input class=\"wpcf7-form-control wpcf7-submit has-spinner\" type=\"submit\" value=\"G\u00f6nder\" \/>\n<\/p><p style=\"display: none !important;\" class=\"akismet-fields-container\" data-prefix=\"_wpcf7_ak_\"><label>&#916;<textarea name=\"_wpcf7_ak_hp_textarea\" cols=\"45\" rows=\"8\" maxlength=\"100\"><\/textarea><\/label><input type=\"hidden\" id=\"ak_js_1\" name=\"_wpcf7_ak_js\" value=\"6\"\/><script>document.getElementById( \"ak_js_1\" ).setAttribute( \"value\", ( new Date() ).getTime() );<\/script><\/p><div class=\"wpcf7-response-output\" aria-hidden=\"true\"><\/div>\n<\/form>\n<\/div>\n\n\t<div class=\"hidden\" data-contact-btn=\"true\">\n\t\t<button class=\"btn  btn-outline\">\n\t\t\t<span class=\"btn-load\"><\/span>\n\t\t\t<span class=\"text\"><\/span>\n\t\t<\/button>\n\t<\/div>\n<\/div>[vc_empty_space height=&#8221;100px&#8221; el_class=&#8221;norebro-phone-space&#8221;][\/vc_column][vc_column width=&#8221;1\/2&#8243;][vc_empty_space height=&#8221;100px&#8221; el_class=&#8221;norebro-phone-space&#8221;][vc_raw_html]JTNDaWZyYW1lJTIwc3JjJTNEJTIyaHR0cHMlM0ElMkYlMkZ3d3cuZ29vZ2xlLmNvbSUyRm1hcHMlMkZlbWJlZCUzRnBiJTNEJTIxMW0xOCUyMTFtMTIlMjExbTMlMjExZDMwMDguMjI4MzA5MDM4Nzk4NyUyMTJkMjkuMDA2NzEzOTg0MjMyMDQzJTIxM2Q0MS4wNjQwMDE4NDIxMTYwOCUyMTJtMyUyMTFmMCUyMTJmMCUyMTNmMCUyMTNtMiUyMTFpMTAyNCUyMTJpNzY4JTIxNGYxMy4xJTIxM20zJTIxMW0yJTIxMXMweDE0Y2FiNjRkZmUxN2Y4YzclMjUzQTB4ODlhNWVmODA3YzgwMjdhNyUyMTJ6UlhObGJuUmxjR1VzSU1Td2VucGxkSFJwYmlERGgyRnN4TEhGbjJ4aGNpQlRheTRnVG04Nk5EWXNJRE0wTXprMElNV2VhY1dmYkdrdnhMQnpkR0Z1WW5WcyUyMTVlMCUyMTNtMiUyMTFzdHIlMjEyc3RyJTIxNHYxNzA0NzgyMTg0OTE2JTIxNW0yJTIxMXN0ciUyMTJzdHIlMjIlMjB3aWR0aCUzRCUyMjYwMCUyMiUyMGhlaWdodCUzRCUyMjQ1MCUyMiUyMHN0eWxlJTNEJTIyYm9yZGVyJTNBMCUzQiUyMiUyMGFsbG93ZnVsbHNjcmVlbiUzRCUyMiUyMiUyMGxvYWRpbmclM0QlMjJsYXp5JTIyJTIwcmVmZXJyZXJwb2xpY3klM0QlMjJuby1yZWZlcnJlci13aGVuLWRvd25ncmFkZSUyMiUzRSUzQyUyRmlmcmFtZSUzRQ==[\/vc_raw_html][vc_empty_space height=&#8221;100px&#8221; el_class=&#8221;norebro-phone-space&#8221;][\/vc_column][\/vc_row][vc_row][vc_column][vc_empty_space height=&#8221;100px&#8221;][\/vc_column][\/vc_row]\n<\/section>","protected":false},"excerpt":{"rendered":"<p>[vc_row full_width=&#8221;stretch_row&#8221; equal_height=&#8221;yes&#8221;][vc_column][vc_empty_space height=&#8221;100px&#8221; el_class=&#8221;norebro-phone-space&#8221;][vc_empty_space height=&#8221;15px&#8221;][vc_row_inner equal_height=&#8221;yes&#8221; content_placement=&#8221;middle&#8221;][vc_column_inner width=&#8221;1\/2&#8243; css=&#8221;.vc_custom_1503408191367{padding-top: 0px !important;}&#8221;][\/vc_column_inner][vc_column_inner width=&#8221;1\/2&#8243;][\/vc_column_inner][\/vc_row_inner][vc_empty_space height=&#8221;100px&#8221;&#8230;<\/p>\n","protected":false},"author":1,"featured_media":0,"parent":0,"menu_order":0,"comment_status":"closed","ping_status":"closed","template":"","meta":{"footnotes":""},"class_list":["post-5648019","page","type-page","status-publish","hentry"],"acf":[],"_links":{"self":[{"href":"https:\/\/www.bpriletisim.com\/index.php?rest_route=\/wp\/v2\/pages\/5648019"}],"collection":[{"href":"https:\/\/www.bpriletisim.com\/index.php?rest_route=\/wp\/v2\/pages"}],"about":[{"href":"https:\/\/www.bpriletisim.com\/index.php?rest_route=\/wp\/v2\/types\/page"}],"author":[{"embeddable":true,"href":"https:\/\/www.bpriletisim.com\/index.php?rest_route=\/wp\/v2\/users\/1"}],"replies":[{"embeddable":true,"href":"https:\/\/www.bpriletisim.com\/index.php?rest_route=%2Fwp%2Fv2%2Fcomments&post=5648019"}],"version-history":[{"count":4,"href":"https:\/\/www.bpriletisim.com\/index.php?rest_route=\/wp\/v2\/pages\/5648019\/revisions"}],"predecessor-version":[{"id":5675569,"href":"https:\/\/www.bpriletisim.com\/index.php?rest_route=\/wp\/v2\/pages\/5648019\/revisions\/5675569"}],"wp:attachment":[{"href":"https:\/\/www.bpriletisim.com\/index.php?rest_route=%2Fwp%2Fv2%2Fmedia&parent=5648019"}],"curies":[{"name":"wp","href":"https:\/\/api.w.org\/{rel}","templated":true}]}}